{"id":10,"date":"2022-03-12T18:21:55","date_gmt":"2022-03-12T22:21:55","guid":{"rendered":"https:\/\/bolivianexperts.com\/es\/?page_id=10"},"modified":"2024-10-29T15:39:21","modified_gmt":"2024-10-29T19:39:21","slug":"contacto","status":"publish","type":"page","link":"https:\/\/casasenbolivia.com\/infogeneral\/contacto\/","title":{"rendered":"Contacto"},"content":{"rendered":"<span class=\"span-reading-time rt-reading-time\" style=\"display: block;\"><span class=\"rt-label rt-prefix\">Tiempo de lectura: <\/span> <span class=\"rt-time\"> &lt; 1<\/span> <span class=\"rt-label rt-postfix\">minuto<\/span><\/span>\n<div class=\"wp-block-columns are-vertically-aligned-top contactobox has-background is-layout-flex wp-container-core-columns-is-layout-9d6595d7 wp-block-columns-is-layout-flex\" style=\"background-color:#f1f1f1\">\n<div class=\"wp-block-column is-vertically-aligned-top is-layout-flow wp-block-column-is-layout-flow\">\n<h2 class=\"wp-block-heading\">Cont\u00e1ctate&nbsp;con nosotros<\/h2>\n\n\n\n<p><\/p>\n<\/div>\n\n\n\n<div class=\"wp-block-column is-vertically-aligned-top is-layout-flow wp-block-column-is-layout-flow\">\n<p>Atenderemos y resolveremos cualquier duda o reclamo que tengas o cualquier negocio que quieras realizar con nosotros.&nbsp;Comun\u00edcate por los siguientes medios:<\/p>\n\n\n\n<p><strong>Email:<\/strong> contacto.casasenbo@gmail.com<\/p>\n\n\n\n<p><strong>Phone:<\/strong> (+591) 69996455<br><strong>WhatsApp:<\/strong> (+591) 69996455<\/p>\n\n\n\n<p><strong>Address:<\/strong> Av. Mariscal Santa Cruz #443, La Paz, Bolivia.<\/p>\n\n\n\n<p>Tambi\u00e9n puedes conocer m\u00e1s sobre nosotros y los servicios que brindamos, o resolver cualquier duda que tengas visitando las siguientes p\u00e1ginas:<\/p>\n\n\n\n<ul class=\"wp-block-list\">\n<li><a href=\"https:\/\/casasenbolivia.com\/infogeneral\/preguntas-frecuentes\/\">Preguntas Frecuentes<\/a><\/li>\n\n\n\n<li><a href=\"https:\/\/casasenbolivia.com\/infogeneral\/nosotros\/\">Nosotros<\/a><\/li>\n\n\n\n<li><a href=\"https:\/\/casasenbolivia.com\/infogeneral\">Blog<\/a><\/li>\n<\/ul>\n\n\n\n<p>En CasasenBolivia.com siempre estamos abiertos a nuevas ideas, si tienes requerimientos especiales para tu agencia, empresa o idea, no dudes en contactarnos.<\/p>\n<\/div>\n\n\n\n<div class=\"wp-block-column is-vertically-aligned-top is-layout-flow wp-block-column-is-layout-flow\">\n<figure class=\"wp-block-image size-full is-style-default\"><img loading=\"lazy\" decoding=\"async\" width=\"900\" height=\"675\" src=\"https:\/\/casasenbolivia.com\/infogeneral\/wp-content\/uploads\/2024\/10\/Oficina-CasasenBolivia-Imagen.jpeg\" alt=\"Oficina CasasenBolivia Imagen\" class=\"wp-image-2184\" srcset=\"https:\/\/casasenbolivia.com\/infogeneral\/wp-content\/uploads\/2024\/10\/Oficina-CasasenBolivia-Imagen.jpeg 900w, https:\/\/casasenbolivia.com\/infogeneral\/wp-content\/uploads\/2024\/10\/Oficina-CasasenBolivia-Imagen-300x225.jpeg 300w, https:\/\/casasenbolivia.com\/infogeneral\/wp-content\/uploads\/2024\/10\/Oficina-CasasenBolivia-Imagen-768x576.jpeg 768w\" sizes=\"auto, (max-width: 900px) 100vw, 900px\" \/><\/figure>\n\n\n\n<p>B\u00fascanos en los siguientes horarios, en los cuales estaremos disponibles:<\/p>\n\n\n\n<p><strong>Lunes-Viernes:<\/strong>&nbsp;8 a.m. a 8 p.m.<br><strong>S\u00e1bados:<\/strong> 9 a.m. a 1 p.m.<br><strong>Domingos:<\/strong> 9 a.m. a 1 p.m<\/p>\n\n\n\n<p>Para m\u00e1s informaci\u00f3n, visita nuestro sitio web principal: <a href=\"http:\/\/casasenbolivia.com\">CasasenBolivia.com<\/a> \u00abInformaci\u00f3n sobre inmuebles y casas en Bolivia\u00bb.<\/p>\n\n\n\n<p><a href=\"https:\/\/casasenbolivia.com\/infogeneral\/\">CasasenBolivia.com\/infogeneral\/<\/a><br>Viviendo, trabajando e invertiendo en Bolivia.<\/p>\n<\/div>\n<\/div>\n\n\n\n<style>\n.btn {\n    font-family: \"Montserrat\", sans-serif;\n    font-weight: 700;\n    overflow: hidden;\n    display: inline-block;\n    text-transform: uppercase;\n    text-decoration: none;\n    text-align: center;\n    letter-spacing: 0.14em;\n    border-radius: 3px;\n    border: none;\n    -webkit-transition: all 0.2s ease-in-out;\n    -moz-transition: all 0.2s ease-in-out;\n    -ms-transition: all 0.2s ease-in-out;\n    -o-transition: all 0.2s ease-in-out;\n    transition: all 0.2s ease-in-out;\n    color: #fff;\n    background-color: #121212;\n    -webkit-backface-visibility: hidden;\n    backface-visibility: hidden;\n    position: relative;\n    z-index: 1;\n    white-space: nowrap;\n    vertical-align: middle;\n    -ms-touch-action: manipulation;\n    touch-action: manipulation;\n    cursor: pointer;\n    -webkit-user-select: none;\n    -moz-user-select: none;\n    -ms-user-select: none;\n    user-select: none;\n}\n\n.btn-lg, .btn-lg.btn-button {\n    font-size: 13px;\n    padding: 0 34px;\n    line-height: 46px;\n}\n\n.btn-color {\n    background-color: #e63247;\n}\n\n.btn-icon span {\n    position: relative;\n    display: inline-block;\n    left: 0;\n    -webkit-transition: left 0.2s ease-in-out, right 0.2s ease-in-out;\n    -moz-transition: left 0.2s ease-in-out, right 0.2s ease-in-out;\n    -ms-transition: left 0.2s ease-in-out, right 0.2s ease-in-out;\n    -o-transition: left 0.2s ease-in-out, right 0.2s ease-in-out;\n    transition: left 0.2s ease-in-out, right 0.2s ease-in-out;\n}\n\n.btn-icon > i {\n    position: absolute;\n    left: auto;\n    font-size: 18px;\n    width: 36px;\n    line-height: 46px;\n    background-color: rgba(0, 0, 0, 0.05);\n    right: -36px;\n    top: 0;\n    text-align: center;\n    display: block;\n    border-radius: 0 3px 3px 0;\n    -webkit-transition: left 0.2s ease-in-out, right 0.2s ease-in-out;\n    -moz-transition: left 0.2s ease-in-out, right 0.2s ease-in-out;\n    -ms-transition: left 0.2s ease-in-out, right 0.2s ease-in-out;\n    -o-transition: left 0.2s ease-in-out, right 0.2s ease-in-out;\n    transition: left 0.2s ease-in-out, right 0.2s ease-in-out;\n}\n\n.btn:hover {\n    color: #fff;\n    opacity: .9;\n    border-color: transparent;\n}\n\n.btn-icon:hover span {\n    left: -16px;\n}\n\n.btn-icon:hover i {\n    right: 0;\n}\n\n.section {\n  \n}\n\n\/\/ Max 568px ==> usage col_xs-*\n@media screen and (max-width: 35.5em) {\n  \n}\n\n\/\/ Max 768px ==> usage col_sm-*\n@media screen and (max-width: 48em) {\n  \n}\n\n\/\/ Max 1024px ==> usage col_md-*\n@media screen and (max-width: 64em) {\n  \n}\n\n\/\/ Max 1280px ==> usage col_lg-*\n@media screen and (max-width: 80em) {\n  \n}\n\n.section-wrap--md {\n    padding: 170px 0;\n}\n.section-wrap {\n    padding: 120px 0;\n    overflow: hidden;\n    background-attachment: fixed;\n    -webkit-background-size: cover;\n    -moz-background-size: cover;\n    -o-background-size: cover;\n    background-size: cover;\n    background-position: center center;\n    background-repeat: no-repeat;\n}\n.bg-light {\n    background-color: #f7f9fa;\n}\n\n.call-to-action__title {\n    font-size: 30px;\n}\n\n.call-to-action__dot {\n    color: #f36b21;\n}\n\n.mt-40 {\n    margin-top: 40px;\n}\n\nh1, h2, h3, h4, h5, h6 {\n    margin-top: 0;\n    margin-bottom: 10px;\n    text-transform: uppercase;\n    color: #121212;\n    letter-spacing: 0.08em;\n    font-weight: 700;\n    line-height: 1.5;\n}\n\n.filipcontainer.text-center {\ntext-align: center;\n\n}\n\n<\/style>\n<section class=\"section-wrap section-wrap--md call-to-action bg-light\">\n      <div class=\"filipcontainer text-center\">\n        <div class=\"grid-center\">\n          <div class=\"col-8\">\n            <h2 class=\"call-to-action__title\">buscas informaci\u00f3n sobre<br>Bolivia?<span class=\"call-to-action__dot\">.<\/span><\/h2>\n            <div class=\"mt-40\">\n              <a href=\"https:\/\/casasenbolivia.com\/infogeneral\/\" class=\"btn btn-lg btn-color btn-icon\">\n                <span>Conoce M\u00e1s<\/span>\n                <i class=\"fa fa-angle-right\"><\/i>             \n              <\/a>\n            <\/div>\n          <\/div>\n        <\/div>\n      <\/div>\n    <\/section>\n\n\n\n<p><\/p>\n","protected":false},"excerpt":{"rendered":"<p><span class=\"span-reading-time rt-reading-time\" style=\"display: block;\"><span class=\"rt-label rt-prefix\">Tiempo de lectura: <\/span> <span class=\"rt-time\"> &lt; 1<\/span> <span class=\"rt-label rt-postfix\">minuto<\/span><\/span>Cont\u00e1ctate&nbsp;con nosotros Atenderemos y resolveremos cualquier duda o reclamo que tengas o cualquier negocio que quieras realizar con nosotros.&nbsp;Comun\u00edcate por los siguientes medios: Email: contacto.casasenbo@gmail.com Phone: (+591) 69996455WhatsApp: (+591) 69996455 Address: Av. Mariscal Santa Cruz #443, La Paz, Bolivia. Tambi\u00e9n puedes conocer m\u00e1s sobre nosotros y los servicios que brindamos, o resolver cualquier duda que [&hellip;]<\/p>\n","protected":false},"author":1,"featured_media":0,"parent":0,"menu_order":0,"comment_status":"closed","ping_status":"closed","template":"","meta":{"_seopress_robots_primary_cat":"","_seopress_titles_title":"","_seopress_titles_desc":"","_seopress_robots_index":"","_lmt_disableupdate":"","_lmt_disable":"","ocean_post_layout":"full-width","ocean_both_sidebars_style":"","ocean_both_sidebars_content_width":0,"ocean_both_sidebars_sidebars_width":0,"ocean_sidebar":"0","ocean_second_sidebar":"0","ocean_disable_margins":"enable","ocean_add_body_class":"","ocean_shortcode_before_top_bar":"","ocean_shortcode_after_top_bar":"","ocean_shortcode_before_header":"","ocean_shortcode_after_header":"","ocean_has_shortcode":"","ocean_shortcode_after_title":"","ocean_shortcode_before_footer_widgets":"","ocean_shortcode_after_footer_widgets":"","ocean_shortcode_before_footer_bottom":"","ocean_shortcode_after_footer_bottom":"","ocean_display_top_bar":"default","ocean_display_header":"default","ocean_header_style":"","ocean_center_header_left_menu":"0","ocean_custom_header_template":"0","ocean_custom_logo":0,"ocean_custom_retina_logo":0,"ocean_custom_logo_max_width":0,"ocean_custom_logo_tablet_max_width":0,"ocean_custom_logo_mobile_max_width":0,"ocean_custom_logo_max_height":0,"ocean_custom_logo_tablet_max_height":0,"ocean_custom_logo_mobile_max_height":0,"ocean_header_custom_menu":"0","ocean_menu_typo_font_family":"0","ocean_menu_typo_font_subset":"","ocean_menu_typo_font_size":0,"ocean_menu_typo_font_size_tablet":0,"ocean_menu_typo_font_size_mobile":0,"ocean_menu_typo_font_size_unit":"px","ocean_menu_typo_font_weight":"","ocean_menu_typo_font_weight_tablet":"","ocean_menu_typo_font_weight_mobile":"","ocean_menu_typo_transform":"","ocean_menu_typo_transform_tablet":"","ocean_menu_typo_transform_mobile":"","ocean_menu_typo_line_height":0,"ocean_menu_typo_line_height_tablet":0,"ocean_menu_typo_line_height_mobile":0,"ocean_menu_typo_line_height_unit":"","ocean_menu_typo_spacing":0,"ocean_menu_typo_spacing_tablet":0,"ocean_menu_typo_spacing_mobile":0,"ocean_menu_typo_spacing_unit":"","ocean_menu_link_color":"","ocean_menu_link_color_hover":"","ocean_menu_link_color_active":"","ocean_menu_link_background":"","ocean_menu_link_hover_background":"","ocean_menu_link_active_background":"","ocean_menu_social_links_bg":"","ocean_menu_social_hover_links_bg":"","ocean_menu_social_links_color":"","ocean_menu_social_hover_links_color":"","ocean_disable_title":"default","ocean_disable_heading":"default","ocean_post_title":"","ocean_post_subheading":"","ocean_post_title_style":"","ocean_post_title_background_color":"","ocean_post_title_background":0,"ocean_post_title_bg_image_position":"","ocean_post_title_bg_image_attachment":"","ocean_post_title_bg_image_repeat":"","ocean_post_title_bg_image_size":"","ocean_post_title_height":0,"ocean_post_title_bg_overlay":0.5,"ocean_post_title_bg_overlay_color":"","ocean_disable_breadcrumbs":"default","ocean_breadcrumbs_color":"","ocean_breadcrumbs_separator_color":"","ocean_breadcrumbs_links_color":"","ocean_breadcrumbs_links_hover_color":"","ocean_display_footer_widgets":"default","ocean_display_footer_bottom":"default","ocean_custom_footer_template":"0","footnotes":""},"class_list":["post-10","page","type-page","status-publish","hentry","entry"],"_links":{"self":[{"href":"https:\/\/casasenbolivia.com\/infogeneral\/wp-json\/wp\/v2\/pages\/10","targetHints":{"allow":["GET"]}}],"collection":[{"href":"https:\/\/casasenbolivia.com\/infogeneral\/wp-json\/wp\/v2\/pages"}],"about":[{"href":"https:\/\/casasenbolivia.com\/infogeneral\/wp-json\/wp\/v2\/types\/page"}],"author":[{"embeddable":true,"href":"https:\/\/casasenbolivia.com\/infogeneral\/wp-json\/wp\/v2\/users\/1"}],"replies":[{"embeddable":true,"href":"https:\/\/casasenbolivia.com\/infogeneral\/wp-json\/wp\/v2\/comments?post=10"}],"version-history":[{"count":9,"href":"https:\/\/casasenbolivia.com\/infogeneral\/wp-json\/wp\/v2\/pages\/10\/revisions"}],"predecessor-version":[{"id":2185,"href":"https:\/\/casasenbolivia.com\/infogeneral\/wp-json\/wp\/v2\/pages\/10\/revisions\/2185"}],"wp:attachment":[{"href":"https:\/\/casasenbolivia.com\/infogeneral\/wp-json\/wp\/v2\/media?parent=10"}],"curies":[{"name":"wp","href":"https:\/\/api.w.org\/{rel}","templated":true}]}}