{"id":14,"date":"2022-03-12T18:22:28","date_gmt":"2022-03-12T22:22:28","guid":{"rendered":"https:\/\/bolivianexperts.com\/es\/?page_id=14"},"modified":"2024-10-29T15:34:33","modified_gmt":"2024-10-29T19:34:33","slug":"preguntas-frecuentes","status":"publish","type":"page","link":"https:\/\/casasenbolivia.com\/infogeneral\/preguntas-frecuentes\/","title":{"rendered":"Preguntas Frecuentes"},"content":{"rendered":"<span class=\"span-reading-time rt-reading-time\" style=\"display: block;\"><span class=\"rt-label rt-prefix\">Tiempo de lectura: <\/span> <span class=\"rt-time\"> 3<\/span> <span class=\"rt-label rt-postfix\">minutos<\/span><\/span>\n<style>\n\n.containerfaq {\nbackground-color: #e2e1e0;\npadding: 3em 2em;\nmax-width: 70%;\nmargin:auto;\nborder-radius: 10px;\n}\n .accordion {\n\t margin: 3em auto;\n\t max-width: 50em;\n\n\n\n}\n .toggle {\n\t display: none;\n}\n .option {\n\t position: relative;\n\t margin-bottom: 1em;\n}\n .title, .content {\n\t backface-visibility: hidden;\n\t transform: translateZ(0);\n\t transition: all 0.2s;\n}\n .title {\n\t background: #fff;\n\t padding: 1em;\n\t display: block;\n\t color: #21614f;\n\t font-weight: bold;\n}\n .title:after, .title:before {\n\t content: '';\n\t position: absolute;\n\t right: 1.25em;\n\t top: 1.25em;\n\t width: 2px;\n\t height: 0.75em;\n\t background-color: #7a7572;\n\t transition: all 0.2s;\n}\n .title:after {\n\t transform: rotate(90deg);\n}\n .content {\n\t max-height: 0;\n\t overflow: hidden;\n\t background-color: #fff;\n}\n .content p {\n\t margin: 0;\n\t padding: 0.5em 1em 1em;\n\t font-size: 0.9em;\n\t line-height: 1.5;\n}\n .toggle:checked + .title, .toggle:checked + .title + .content {\n\t box-shadow: 3px 3px 6px #ddd, -3px 3px 6px #ddd;\n}\n .toggle:checked + .title + .content {\n\t max-height: 500px;\n}\n .toggle:checked + .title:before {\n\t transform: rotate(90deg) !important;\n}\n\n.card-1 {\n  box-shadow: 0 1px 3px rgba(0,0,0,0.12), 0 1px 2px rgba(0,0,0,0.24);\n  transition: all 0.3s cubic-bezier(.25,.8,.25,1);\n}\n\n.card-1:hover {\n  box-shadow: 0 14px 28px rgba(0,0,0,0.25), 0 10px 10px rgba(0,0,0,0.22);\n}\n\n@media only screen and (max-width: 600px) {\n  \n   .containerfaq {\nmax-width: 100%;\n\n}\n\n}\n\n.olfaq{\npadding:0.5em 2em;\nfont-size: 0.9em;\n}\n.olfaq li{padding:0.3em}\n<\/style>\n\n\n<div class=\"containerfaq\">\n  <h2>CasasenBolivia Preguntas Frecuentes<\/h2>\n\n  <div class=\"accordion\">\n\n    <div class=\"option\">\n      <input type=\"checkbox\" id=\"toggle1\" class=\"toggle\">\n &nbsp; &nbsp;  <label class=\"title card-1\" for=\"toggle1\">\u00bfPor qu\u00e9 deber\u00eda elegir a CasasenBolivia.com sobre otros sitios web similares?\n      <\/label>\n      <div class=\"content\">\n        <p>Estas son las principales razones por las que deberia elegir a CasasenBolivia.com:<\/p>\n<ol class=\"olfaq\">\n<li>CasasenBolivia se enfoca en brindarle informaci\u00f3n de la calidad m\u00e1s alta posible, somos de Bolivia y vivimos en este pa\u00eds. Nuestras fuentes son siempre profesionales, oficiales o cient\u00edficas, y nuestro equipo cuenta con expertos en bienes ra\u00edces, negocios, trabajo y forma de vida aqu\u00ed, con muchos a\u00f1os de experiencia en estos campos.<\/li>\n<li>Tambi\u00e9n atendemos a decenas de miles de personas en Bolivia cada mes a trav\u00e9s de nuestro sitio web principal  en el campo inmobiliario <a href=\"https:\/\/casasenbolivia.com\">CasasenBolivia.com<\/a>. Conocemos profundamente c\u00f3mo funcionan las cosas aqu\u00ed en relaci\u00f3n a negocios, bienes ra\u00edces, impuestos, locaciones, vivir y viajar, porque somos bolivianos y algunos miembros de nuestro equipo han vivido en otros paises por mucho tiempo.<\/li>\n<li>Actualmente tenemos miles de visitantes bolivianos por mes en nuestro sitio web principal <a href=\"https:\/\/casasenbolivia.com\">CasasenBolivia.com<\/a>, y esperamos llegar a 100,000 en los pr\u00f3ximos meses, por lo tanto, muchos bolivianos conf\u00edan en nosotros y en la informaci\u00f3n y el conocimiento que brindamos. Entonces, tu tambi\u00e9n puedes confiar en nosotros.<\/li>\n<li>CasasenBolivia.com\/infogeneral\/ quiere que el mejor aprendizaje sobre Bolivia llegue a tus manos, sin importar si conoces o no algo sobre este pa\u00eds, y que con esta informaci\u00f3n puedas tomar las mejores decisiones y evitar conflictos y peligros cuando est\u00e9s aqu\u00ed. Puedes confiar en que cumpliremos nuestra misi\u00f3n y tambi\u00e9n la proporcionaremos de forma gratuita.<\/li><\/ol>\n\n      <\/div>\n    <\/div>\n\n    <div class=\"option\">\n      <input type=\"checkbox\" id=\"toggle2\" class=\"toggle\">\n      <label class=\"title card-1\" for=\"toggle2\">\n        \u00bfQu\u00e9 es la p\u00e1gina Herramientas y Recursos?\n      <\/label>\n      <div class=\"content\">\n        <p>En <a href=\"https:\/\/casasenbolivia.com\/infogeneral\/herramientas-y-recursos\/\"> esta p\u00e1gina <\/a> encontrar\u00e1s los recursos que hemos visto y creemos que m\u00e1s te ayudar\u00e1n en tus proyectos y actividades en nuestro pa\u00eds Bolivia, entre gu\u00edas para visitar y hacer turismo aqui, encontrar buenos trabajos, emprender, invertir, o evitar peligros y estafas, tambi\u00e9n cursos, calculadoras y simuladores, adem\u00e1s de buenas ofertas, esta p\u00e1gina te ser\u00e1 de mucha ayuda.<\/p>\n      <\/div>\n    <\/div>\n\n    <div class=\"option\">\n      <input type=\"checkbox\" id=\"toggle3\" class=\"toggle\">\n      <label class=\"title card-1\" for=\"toggle3\">\n        \u00bfPor qu\u00e9 deberia aprender sobre como llevar a cabo mis actividades en Bolivia?\n      <\/label>\n      <div class=\"content\">\n                <p>Bolivia es un pa\u00eds con muchos conceptos err\u00f3neos, muchas cosas aqu\u00ed funcionan igual que en otros pa\u00edses, pero otras cosas son dr\u00e1sticamente diferentes. Aqu\u00ed hay muchos peligros y riesgos a tener muy encuenta, pero tambi\u00e9n muchas oportunidades y posibilidades que pueden llevarte al siguiente nivel, solo si sabes y haces las cosas correctas.<\/p> \n\n<p>Estaremos encantados de acompa\u00f1arte en tu viaje por nuestro pa\u00eds, para que puedas obtener el mejor rendimiento de tus recursos y tiempo, y alcances tus metas aqu\u00ed, minimizando al m\u00e1ximo los riesgos involucrados.<\/p>  \n      <\/div>\n    <\/div>\n\n    <div class=\"option\">\n      <input type=\"checkbox\" id=\"toggle6\" class=\"toggle\">\n      <label class=\"title card-1\" for=\"toggle6\">\n        \u00bfC\u00f3mo puedo anunciarme en CasasenBolivia.com?\n      <\/label>\n      <div class=\"content\">\n        <p>YPuedes anunciarte con nosotros por algunas decenas de d\u00f3lares, aparecer\u00e1s en nuestras p\u00e1ginas informativas, de recursos, productos y otras p\u00e1ginas dedicadas, llegar\u00e1s a miles de personas interesadas en viajar, trabajar, hacer negocios, hacer bienes ra\u00edces y vivir en Bolivia todos los meses. Para m\u00e1s informaci\u00f3n, <a href=\"https:\/\/casasenbolivia.com\/infogeneral\/contact\/\"> cont\u00e1ctate con nosotros <\/a> y llegaremos a un acuerdo.<\/p>\n      <\/div>\n    <\/div>\n\n  <\/div>\n<\/div>\n\n\n\n<div style=\"height:30px\" aria-hidden=\"true\" class=\"wp-block-spacer\"><\/div>\n\n\n\n<style>\n.btn {\n    font-family: \"Montserrat\", sans-serif;\n    font-weight: 700;\n    overflow: hidden;\n    display: inline-block;\n    text-transform: uppercase;\n    text-decoration: none;\n    text-align: center;\n    letter-spacing: 0.14em;\n    border-radius: 3px;\n    border: none;\n    -webkit-transition: all 0.2s ease-in-out;\n    -moz-transition: all 0.2s ease-in-out;\n    -ms-transition: all 0.2s ease-in-out;\n    -o-transition: all 0.2s ease-in-out;\n    transition: all 0.2s ease-in-out;\n    color: #fff;\n    background-color: #121212;\n    -webkit-backface-visibility: hidden;\n    backface-visibility: hidden;\n    position: relative;\n    z-index: 1;\n    white-space: nowrap;\n    vertical-align: middle;\n    -ms-touch-action: manipulation;\n    touch-action: manipulation;\n    cursor: pointer;\n    -webkit-user-select: none;\n    -moz-user-select: none;\n    -ms-user-select: none;\n    user-select: none;\n}\n\n.btn-lg, .btn-lg.btn-button {\n    font-size: 13px;\n    padding: 0 34px;\n    line-height: 46px;\n}\n\n.btn-color {\n    background-color: #e63247;\n}\n\n.btn-icon span {\n    position: relative;\n    display: inline-block;\n    left: 0;\n    -webkit-transition: left 0.2s ease-in-out, right 0.2s ease-in-out;\n    -moz-transition: left 0.2s ease-in-out, right 0.2s ease-in-out;\n    -ms-transition: left 0.2s ease-in-out, right 0.2s ease-in-out;\n    -o-transition: left 0.2s ease-in-out, right 0.2s ease-in-out;\n    transition: left 0.2s ease-in-out, right 0.2s ease-in-out;\n}\n\n.btn-icon > i {\n    position: absolute;\n    left: auto;\n    font-size: 18px;\n    width: 36px;\n    line-height: 46px;\n    background-color: rgba(0, 0, 0, 0.05);\n    right: -36px;\n    top: 0;\n    text-align: center;\n    display: block;\n    border-radius: 0 3px 3px 0;\n    -webkit-transition: left 0.2s ease-in-out, right 0.2s ease-in-out;\n    -moz-transition: left 0.2s ease-in-out, right 0.2s ease-in-out;\n    -ms-transition: left 0.2s ease-in-out, right 0.2s ease-in-out;\n    -o-transition: left 0.2s ease-in-out, right 0.2s ease-in-out;\n    transition: left 0.2s ease-in-out, right 0.2s ease-in-out;\n}\n\n.btn:hover {\n    color: #fff;\n    opacity: .9;\n    border-color: transparent;\n}\n\n.btn-icon:hover span {\n    left: -16px;\n}\n\n.btn-icon:hover i {\n    right: 0;\n}\n\n.section {\n  \n}\n\n\/\/ Max 568px ==> usage col_xs-*\n@media screen and (max-width: 35.5em) {\n  \n}\n\n\/\/ Max 768px ==> usage col_sm-*\n@media screen and (max-width: 48em) {\n  \n}\n\n\/\/ Max 1024px ==> usage col_md-*\n@media screen and (max-width: 64em) {\n  \n}\n\n\/\/ Max 1280px ==> usage col_lg-*\n@media screen and (max-width: 80em) {\n  \n}\n\n.section-wrap--md {\n    padding: 170px 0;\n}\n.section-wrap {\n    padding: 120px 0;\n    overflow: hidden;\n    background-attachment: fixed;\n    -webkit-background-size: cover;\n    -moz-background-size: cover;\n    -o-background-size: cover;\n    background-size: cover;\n    background-position: center center;\n    background-repeat: no-repeat;\n}\n.bg-light {\n    background-color: #f7f9fa;\n}\n\n.call-to-action__title {\n    font-size: 30px;\n}\n\n.call-to-action__dot {\n    color: #f36b21;\n}\n\n.mt-40 {\n    margin-top: 40px;\n}\n\nh1, h2, h3, h4, h5, h6 {\n    margin-top: 0;\n    margin-bottom: 10px;\n    text-transform: uppercase;\n    color: #121212;\n    letter-spacing: 0.08em;\n    font-weight: 700;\n    line-height: 1.5;\n}\n\n.filipcontainer.text-center {\ntext-align: center;\n\n}\n\n<\/style>\n<section class=\"section-wrap section-wrap--md call-to-action bg-light\">\n      <div class=\"filipcontainer text-center\">\n        <div class=\"grid-center\">\n          <div class=\"col-8\">\n            <h2 class=\"call-to-action__title\">buscas informaci\u00f3n sobre<br>Bolivia?<span class=\"call-to-action__dot\">.<\/span><\/h2>\n            <div class=\"mt-40\">\n              <a href=\"https:\/\/casasenbolivia.com\/infogeneral\/\" class=\"btn btn-lg btn-color btn-icon\">\n                <span>Conoce M\u00e1s<\/span>\n                <i class=\"fa fa-angle-right\"><\/i>             \n              <\/a>\n            <\/div>\n          <\/div>\n        <\/div>\n      <\/div>\n    <\/section>\n\n\n\n<p><\/p>\n","protected":false},"excerpt":{"rendered":"<p><span class=\"span-reading-time rt-reading-time\" style=\"display: block;\"><span class=\"rt-label rt-prefix\">Tiempo de lectura: <\/span> <span class=\"rt-time\"> 3<\/span> <span class=\"rt-label rt-postfix\">minutos<\/span><\/span>CasasenBolivia Preguntas Frecuentes &nbsp; &nbsp; \u00bfPor qu\u00e9 deber\u00eda elegir a CasasenBolivia.com sobre otros sitios web similares? Estas son las principales razones por las que deberia elegir a CasasenBolivia.com: CasasenBolivia se enfoca en brindarle informaci\u00f3n de la calidad m\u00e1s alta posible, somos de Bolivia y vivimos en este pa\u00eds. Nuestras fuentes son siempre profesionales, oficiales o [&hellip;]<\/p>\n","protected":false},"author":1,"featured_media":0,"parent":0,"menu_order":0,"comment_status":"closed","ping_status":"closed","template":"","meta":{"_seopress_robots_primary_cat":"","_seopress_titles_title":"","_seopress_titles_desc":"","_seopress_robots_index":"","_lmt_disableupdate":"","_lmt_disable":"","ocean_post_layout":"full-width","ocean_both_sidebars_style":"","ocean_both_sidebars_content_width":0,"ocean_both_sidebars_sidebars_width":0,"ocean_sidebar":"0","ocean_second_sidebar":"0","ocean_disable_margins":"enable","ocean_add_body_class":"","ocean_shortcode_before_top_bar":"","ocean_shortcode_after_top_bar":"","ocean_shortcode_before_header":"","ocean_shortcode_after_header":"","ocean_has_shortcode":"","ocean_shortcode_after_title":"","ocean_shortcode_before_footer_widgets":"","ocean_shortcode_after_footer_widgets":"","ocean_shortcode_before_footer_bottom":"","ocean_shortcode_after_footer_bottom":"","ocean_display_top_bar":"default","ocean_display_header":"default","ocean_header_style":"","ocean_center_header_left_menu":"0","ocean_custom_header_template":"0","ocean_custom_logo":0,"ocean_custom_retina_logo":0,"ocean_custom_logo_max_width":0,"ocean_custom_logo_tablet_max_width":0,"ocean_custom_logo_mobile_max_width":0,"ocean_custom_logo_max_height":0,"ocean_custom_logo_tablet_max_height":0,"ocean_custom_logo_mobile_max_height":0,"ocean_header_custom_menu":"0","ocean_menu_typo_font_family":"0","ocean_menu_typo_font_subset":"","ocean_menu_typo_font_size":0,"ocean_menu_typo_font_size_tablet":0,"ocean_menu_typo_font_size_mobile":0,"ocean_menu_typo_font_size_unit":"px","ocean_menu_typo_font_weight":"","ocean_menu_typo_font_weight_tablet":"","ocean_menu_typo_font_weight_mobile":"","ocean_menu_typo_transform":"","ocean_menu_typo_transform_tablet":"","ocean_menu_typo_transform_mobile":"","ocean_menu_typo_line_height":0,"ocean_menu_typo_line_height_tablet":0,"ocean_menu_typo_line_height_mobile":0,"ocean_menu_typo_line_height_unit":"","ocean_menu_typo_spacing":0,"ocean_menu_typo_spacing_tablet":0,"ocean_menu_typo_spacing_mobile":0,"ocean_menu_typo_spacing_unit":"","ocean_menu_link_color":"","ocean_menu_link_color_hover":"","ocean_menu_link_color_active":"","ocean_menu_link_background":"","ocean_menu_link_hover_background":"","ocean_menu_link_active_background":"","ocean_menu_social_links_bg":"","ocean_menu_social_hover_links_bg":"","ocean_menu_social_links_color":"","ocean_menu_social_hover_links_color":"","ocean_disable_title":"default","ocean_disable_heading":"default","ocean_post_title":"","ocean_post_subheading":"","ocean_post_title_style":"","ocean_post_title_background_color":"","ocean_post_title_background":0,"ocean_post_title_bg_image_position":"","ocean_post_title_bg_image_attachment":"","ocean_post_title_bg_image_repeat":"","ocean_post_title_bg_image_size":"","ocean_post_title_height":0,"ocean_post_title_bg_overlay":0.5,"ocean_post_title_bg_overlay_color":"","ocean_disable_breadcrumbs":"default","ocean_breadcrumbs_color":"","ocean_breadcrumbs_separator_color":"","ocean_breadcrumbs_links_color":"","ocean_breadcrumbs_links_hover_color":"","ocean_display_footer_widgets":"default","ocean_display_footer_bottom":"default","ocean_custom_footer_template":"0","footnotes":""},"class_list":["post-14","page","type-page","status-publish","hentry","entry"],"_links":{"self":[{"href":"https:\/\/casasenbolivia.com\/infogeneral\/wp-json\/wp\/v2\/pages\/14","targetHints":{"allow":["GET"]}}],"collection":[{"href":"https:\/\/casasenbolivia.com\/infogeneral\/wp-json\/wp\/v2\/pages"}],"about":[{"href":"https:\/\/casasenbolivia.com\/infogeneral\/wp-json\/wp\/v2\/types\/page"}],"author":[{"embeddable":true,"href":"https:\/\/casasenbolivia.com\/infogeneral\/wp-json\/wp\/v2\/users\/1"}],"replies":[{"embeddable":true,"href":"https:\/\/casasenbolivia.com\/infogeneral\/wp-json\/wp\/v2\/comments?post=14"}],"version-history":[{"count":7,"href":"https:\/\/casasenbolivia.com\/infogeneral\/wp-json\/wp\/v2\/pages\/14\/revisions"}],"predecessor-version":[{"id":2182,"href":"https:\/\/casasenbolivia.com\/infogeneral\/wp-json\/wp\/v2\/pages\/14\/revisions\/2182"}],"wp:attachment":[{"href":"https:\/\/casasenbolivia.com\/infogeneral\/wp-json\/wp\/v2\/media?parent=14"}],"curies":[{"name":"wp","href":"https:\/\/api.w.org\/{rel}","templated":true}]}}