{"id":18,"date":"2022-03-12T18:23:09","date_gmt":"2022-03-12T22:23:09","guid":{"rendered":"https:\/\/bolivianexperts.com\/es\/?page_id=18"},"modified":"2024-10-23T15:56:45","modified_gmt":"2024-10-23T19:56:45","slug":"terminos-y-condiciones","status":"publish","type":"page","link":"https:\/\/casasenbolivia.com\/infogeneral\/terminos-y-condiciones\/","title":{"rendered":"T\u00e9rminos y Condiciones"},"content":{"rendered":"<span class=\"span-reading-time rt-reading-time\" style=\"display: block;\"><span class=\"rt-label rt-prefix\">Tiempo de lectura: <\/span> <span class=\"rt-time\"> 3<\/span> <span class=\"rt-label rt-postfix\">minutos<\/span><\/span>\n<p><strong>\u00daltima actualizaci\u00f3n: 6 de abril de 2023<\/strong><\/p>\n\n\n\n<h1 class=\"wp-block-heading\">T\u00e9rminos y condiciones de uso del sitio web<\/h1>\n\n\n\n<h2 class=\"wp-block-heading\">1. T\u00e9rminos<\/h2>\n\n\n\n<p>Al acceder a este sitio web, accesible desde https:\/\/casasenbolivia.com\/infogeneral\/, usted acepta estar sujeto a estos T\u00e9rminos y condiciones de uso del sitio web y acepta que es responsable del acuerdo con las leyes locales aplicables.\u00a0Si no est\u00e1 de acuerdo con alguno de estos t\u00e9rminos, tiene prohibido acceder a este sitio.\u00a0Los materiales contenidos en este sitio web est\u00e1n protegidos por derechos de autor y leyes de marcas registradas.<\/p>\n\n\n\n<h2 class=\"wp-block-heading\">2. Licencia de uso<\/h2>\n\n\n\n<p>Se otorga permiso para descargar temporalmente una copia de los materiales en el sitio web de CasasenBolivia solo para visualizaci\u00f3n transitoria personal y no comercial.&nbsp;Esta es la concesi\u00f3n de una licencia, no una transferencia de t\u00edtulo, y bajo esta licencia no puede:<\/p>\n\n\n\n<ul class=\"wp-block-list\">\n<li>modificar o copiar los materiales;<\/li>\n\n\n\n<li>usar los materiales para cualquier prop\u00f3sito comercial o para cualquier exhibici\u00f3n p\u00fablica;<\/li>\n\n\n\n<li>intentar aplicar ingenier\u00eda inversa a cualquier software contenido en el sitio web de CasasenBolivia;<\/li>\n\n\n\n<li>eliminar cualquier derecho de autor u otras anotaciones de propiedad de los materiales;&nbsp;o<\/li>\n\n\n\n<li>transferir los materiales a otra persona o \u00abduplicar\u00bb los materiales en cualquier otro servidor.<\/li>\n<\/ul>\n\n\n\n<p>Esto le permitir\u00e1 a CasasenBolivia rescindir las violaciones de cualquiera de estas restricciones.&nbsp;Tras la rescisi\u00f3n, su derecho de visualizaci\u00f3n tambi\u00e9n se rescindir\u00e1 y deber\u00e1 destruir cualquier material descargado que tenga en su poder, ya sea en formato impreso o electr\u00f3nico.<\/p>\n\n\n\n<h2 class=\"wp-block-heading\">3. Descargo de responsabilidad<\/h2>\n\n\n\n<p>Todos los materiales en el sitio web de CasasenBolivia se proporcionan \u00abtal cual\u00bb.&nbsp;CasasenBolivia no ofrece ninguna garant\u00eda, ya sea expresa o impl\u00edcita, por lo que niega todas las dem\u00e1s garant\u00edas.&nbsp;Adem\u00e1s, CasasenBolivia no hace ninguna representaci\u00f3n con respecto a la precisi\u00f3n o confiabilidad del uso de los materiales en su sitio web o en relaci\u00f3n con dichos materiales o cualquier sitio vinculado a este sitio web.<\/p>\n\n\n\n<h2 class=\"wp-block-heading\">4. Limitaciones<\/h2>\n\n\n\n<p>CasasenBolivia o sus proveedores no ser\u00e1n responsables por ning\u00fan da\u00f1o que surja con el uso o la imposibilidad de usar los materiales en el sitio web de CasasenBolivia, incluso si CasasenBolivia o un representante autorizado de este sitio web ha sido notificado, oralmente o por escrito, de la posibilidad de tal da\u00f1o.&nbsp;Algunas jurisdicciones no permiten limitaciones en garant\u00edas impl\u00edcitas o limitaciones de responsabilidad por da\u00f1os incidentales, estas limitaciones pueden no aplicarse a usted.<\/p>\n\n\n\n<h2 class=\"wp-block-heading\">5. Revisiones y Erratas<\/h2>\n\n\n\n<p>Los materiales que aparecen en el sitio web de CasasenBolivia pueden incluir errores t\u00e9cnicos, tipogr\u00e1ficos o fotogr\u00e1ficos.&nbsp;CasasenBolivia no promete que ninguno de los materiales en este sitio web sea preciso, completo o actual.&nbsp;CasasenBolivia puede cambiar los materiales contenidos en su sitio web en cualquier momento sin previo aviso.&nbsp;CasasenBolivia no se compromete a actualizar los materiales.<\/p>\n\n\n\n<h2 class=\"wp-block-heading\">6. Enlaces<\/h2>\n\n\n\n<p>CasasenBolivia no ha revisado todos los sitios vinculados a su sitio web y no es responsable de los contenidos de dichos sitios vinculados.&nbsp;La presencia de cualquier enlace no implica aprobaci\u00f3n por parte de CasasenBolivia del sitio.&nbsp;El uso de cualquier sitio web vinculado es por cuenta y riesgo del usuario.<\/p>\n\n\n\n<h2 class=\"wp-block-heading\">7. Modificaciones de los T\u00e9rminos de uso del sitio<\/h2>\n\n\n\n<p>CasasenBolivia puede revisar estos T\u00e9rminos de uso de su sitio web en cualquier momento sin previo aviso.&nbsp;Al usar este sitio web, usted acepta estar sujeto a la versi\u00f3n actual de estos T\u00e9rminos y condiciones de uso.<\/p>\n\n\n\n<h2 class=\"wp-block-heading\">8. Su privacidad<\/h2>\n\n\n\n<p>Por favor, lea nuestra <a href=\"https:\/\/casasenbolivia.com\/infogeneral\/politica-de-privacidad\/\">Pol\u00edtica de Privacidad<\/a>.<\/p>\n\n\n\n<h2 class=\"wp-block-heading\">9. Ley aplicable<\/h2>\n\n\n\n<p>Cualquier reclamo relacionado con el sitio web de CasasenBolivia se regir\u00e1 por las leyes de Bolivia sin tener en cuenta las disposiciones sobre conflicto de leyes.<\/p>\n\n\n\n<h2 class=\"wp-block-heading\"><strong>10. V\u00edas de Contacto.&nbsp;<\/strong><\/h2>\n\n\n\n<p>Respecto de cualquier cuesti\u00f3n relacionada con los T\u00e9rminos de Servicio y\/o Pol\u00edticas de Privacidad, el Cliente, Usuario o Visitante podr\u00e1 comunicarse con los Titulares, \u00fanicamente con fines de consulta, a trav\u00e9s de los siguientes canales: correo electr\u00f3nico: <a href=\"mailto:contacto.casasenbo@gmail.com\">contacto.casasenbo@gmail.com<\/a>. Los Titulares\u00a0no\u00a0tienen la obligaci\u00f3n de responder, antes de un plazo, a estas consultas.<\/p>\n","protected":false},"excerpt":{"rendered":"<p><span class=\"span-reading-time rt-reading-time\" style=\"display: block;\"><span class=\"rt-label rt-prefix\">Tiempo de lectura: <\/span> <span class=\"rt-time\"> 3<\/span> <span class=\"rt-label rt-postfix\">minutos<\/span><\/span>\u00daltima actualizaci\u00f3n: 6 de abril de 2023 T\u00e9rminos y condiciones de uso del sitio web 1. T\u00e9rminos Al acceder a este sitio web, accesible desde https:\/\/casasenbolivia.com\/infogeneral\/, usted acepta estar sujeto a estos T\u00e9rminos y condiciones de uso del sitio web y acepta que es responsable del acuerdo con las leyes locales aplicables.\u00a0Si no est\u00e1 de [&hellip;]<\/p>\n","protected":false},"author":1,"featured_media":0,"parent":0,"menu_order":0,"comment_status":"closed","ping_status":"closed","template":"","meta":{"_seopress_robots_primary_cat":"","_seopress_titles_title":"","_seopress_titles_desc":"","_seopress_robots_index":"","_lmt_disableupdate":"","_lmt_disable":"","ocean_post_layout":"","ocean_both_sidebars_style":"","ocean_both_sidebars_content_width":0,"ocean_both_sidebars_sidebars_width":0,"ocean_sidebar":"0","ocean_second_sidebar":"0","ocean_disable_margins":"enable","ocean_add_body_class":"","ocean_shortcode_before_top_bar":"","ocean_shortcode_after_top_bar":"","ocean_shortcode_before_header":"","ocean_shortcode_after_header":"","ocean_has_shortcode":"","ocean_shortcode_after_title":"","ocean_shortcode_before_footer_widgets":"","ocean_shortcode_after_footer_widgets":"","ocean_shortcode_before_footer_bottom":"","ocean_shortcode_after_footer_bottom":"","ocean_display_top_bar":"default","ocean_display_header":"default","ocean_header_style":"","ocean_center_header_left_menu":"0","ocean_custom_header_template":"0","ocean_custom_logo":0,"ocean_custom_retina_logo":0,"ocean_custom_logo_max_width":0,"ocean_custom_logo_tablet_max_width":0,"ocean_custom_logo_mobile_max_width":0,"ocean_custom_logo_max_height":0,"ocean_custom_logo_tablet_max_height":0,"ocean_custom_logo_mobile_max_height":0,"ocean_header_custom_menu":"0","ocean_menu_typo_font_family":"0","ocean_menu_typo_font_subset":"","ocean_menu_typo_font_size":0,"ocean_menu_typo_font_size_tablet":0,"ocean_menu_typo_font_size_mobile":0,"ocean_menu_typo_font_size_unit":"px","ocean_menu_typo_font_weight":"","ocean_menu_typo_font_weight_tablet":"","ocean_menu_typo_font_weight_mobile":"","ocean_menu_typo_transform":"","ocean_menu_typo_transform_tablet":"","ocean_menu_typo_transform_mobile":"","ocean_menu_typo_line_height":0,"ocean_menu_typo_line_height_tablet":0,"ocean_menu_typo_line_height_mobile":0,"ocean_menu_typo_line_height_unit":"","ocean_menu_typo_spacing":0,"ocean_menu_typo_spacing_tablet":0,"ocean_menu_typo_spacing_mobile":0,"ocean_menu_typo_spacing_unit":"","ocean_menu_link_color":"","ocean_menu_link_color_hover":"","ocean_menu_link_color_active":"","ocean_menu_link_background":"","ocean_menu_link_hover_background":"","ocean_menu_link_active_background":"","ocean_menu_social_links_bg":"","ocean_menu_social_hover_links_bg":"","ocean_menu_social_links_color":"","ocean_menu_social_hover_links_color":"","ocean_disable_title":"default","ocean_disable_heading":"default","ocean_post_title":"","ocean_post_subheading":"","ocean_post_title_style":"","ocean_post_title_background_color":"","ocean_post_title_background":0,"ocean_post_title_bg_image_position":"","ocean_post_title_bg_image_attachment":"","ocean_post_title_bg_image_repeat":"","ocean_post_title_bg_image_size":"","ocean_post_title_height":0,"ocean_post_title_bg_overlay":0.5,"ocean_post_title_bg_overlay_color":"","ocean_disable_breadcrumbs":"default","ocean_breadcrumbs_color":"","ocean_breadcrumbs_separator_color":"","ocean_breadcrumbs_links_color":"","ocean_breadcrumbs_links_hover_color":"","ocean_display_footer_widgets":"default","ocean_display_footer_bottom":"default","ocean_custom_footer_template":"0","footnotes":""},"class_list":["post-18","page","type-page","status-publish","hentry","entry"],"_links":{"self":[{"href":"https:\/\/casasenbolivia.com\/infogeneral\/wp-json\/wp\/v2\/pages\/18","targetHints":{"allow":["GET"]}}],"collection":[{"href":"https:\/\/casasenbolivia.com\/infogeneral\/wp-json\/wp\/v2\/pages"}],"about":[{"href":"https:\/\/casasenbolivia.com\/infogeneral\/wp-json\/wp\/v2\/types\/page"}],"author":[{"embeddable":true,"href":"https:\/\/casasenbolivia.com\/infogeneral\/wp-json\/wp\/v2\/users\/1"}],"replies":[{"embeddable":true,"href":"https:\/\/casasenbolivia.com\/infogeneral\/wp-json\/wp\/v2\/comments?post=18"}],"version-history":[{"count":7,"href":"https:\/\/casasenbolivia.com\/infogeneral\/wp-json\/wp\/v2\/pages\/18\/revisions"}],"predecessor-version":[{"id":2090,"href":"https:\/\/casasenbolivia.com\/infogeneral\/wp-json\/wp\/v2\/pages\/18\/revisions\/2090"}],"wp:attachment":[{"href":"https:\/\/casasenbolivia.com\/infogeneral\/wp-json\/wp\/v2\/media?parent=18"}],"curies":[{"name":"wp","href":"https:\/\/api.w.org\/{rel}","templated":true}]}}