{"id":20,"date":"2022-03-12T18:23:34","date_gmt":"2022-03-12T22:23:34","guid":{"rendered":"https:\/\/bolivianexperts.com\/es\/?page_id=20"},"modified":"2023-04-07T08:56:10","modified_gmt":"2023-04-07T12:56:10","slug":"mapa-del-sitio","status":"publish","type":"page","link":"https:\/\/casasenbolivia.com\/infogeneral\/mapa-del-sitio\/","title":{"rendered":"Mapa del Sitio"},"content":{"rendered":"<span class=\"span-reading-time rt-reading-time\" style=\"display: block;\"><span class=\"rt-label rt-prefix\">Tiempo de lectura: <\/span> <span class=\"rt-time\"> &lt; 1<\/span> <span class=\"rt-label rt-postfix\">minuto<\/span><\/span><div class=\"wsp-container\"><h2 class=\"wsp-pages-title\">P\u00e1ginas<\/h2>\n<ul class=\"wsp-pages-list\">\n<li class=\"page_item page-item-12\"><a href=\"https:\/\/casasenbolivia.com\/infogeneral\/blog\/\">Blog<\/a><\/li>\n<li class=\"page_item page-item-10\"><a href=\"https:\/\/casasenbolivia.com\/infogeneral\/contacto\/\">Contacto<\/a><\/li>\n<li class=\"page_item page-item-5\"><a href=\"https:\/\/casasenbolivia.com\/infogeneral\/herramientas-y-recursos\/\">Herramientas y Recursos<\/a><\/li>\n<li class=\"page_item page-item-20\"><a href=\"https:\/\/casasenbolivia.com\/infogeneral\/mapa-del-sitio\/\">Mapa del Sitio<\/a><\/li>\n<li class=\"page_item page-item-22\"><a href=\"https:\/\/casasenbolivia.com\/infogeneral\/newsletter\/\">Newsletter<\/a><\/li>\n<li class=\"page_item page-item-8\"><a href=\"https:\/\/casasenbolivia.com\/infogeneral\/nosotros\/\">Nosotros<\/a><\/li>\n<li class=\"page_item page-item-3\"><a href=\"https:\/\/casasenbolivia.com\/infogeneral\/politica-de-privacidad\/\">Pol\u00edtica de Privacidad<\/a><\/li>\n<li class=\"page_item page-item-14\"><a href=\"https:\/\/casasenbolivia.com\/infogeneral\/preguntas-frecuentes\/\">Preguntas Frecuentes<\/a><\/li>\n<li class=\"page_item page-item-18\"><a href=\"https:\/\/casasenbolivia.com\/infogeneral\/terminos-y-condiciones\/\">T\u00e9rminos y Condiciones<\/a><\/li>\n<li class=\"page_item page-item-2203\"><a href=\"https:\/\/casasenbolivia.com\/infogeneral\/test-2\/\">test 2<\/a><\/li>\n<\/ul>\n<h2 class=\"wsp-posts-title\">Posts por categor\u00eda<\/h2>\n<ul class=\"wsp-posts-list\">\n\t<li><strong class=\"wsp-category-title\">Category: <a href=\"https:\/\/casasenbolivia.com\/infogeneral\/category\/clima-y-geografia\/\">Clima y Geograf\u00eda<\/a><\/strong>\n<ul class=\"wsp-posts-list\">\t\t<li class=\"wsp-post\"><a href=\"https:\/\/casasenbolivia.com\/infogeneral\/como-es-la-geografia-de-bolivia-cada-detalle-y-hecho-a-saber\/\">\u00bfC\u00f3mo es la Geograf\u00eda de Bolivia? Cada Detalle y Hecho a Saber<\/a><\/li>\n\t\t<li class=\"wsp-post\"><a href=\"https:\/\/casasenbolivia.com\/infogeneral\/desastres-naturales-en-bolivia-todos-los-detalles-y-hechos-a-saber\/\">Desastres Naturales en Bolivia, Todos los Detalles y Hechos a Saber<\/a><\/li>\n\t\t<li class=\"wsp-post\"><a href=\"https:\/\/casasenbolivia.com\/infogeneral\/las-mejores-playas-de-bolivia-guia-completa-y-detallada\/\">Las Mejores Playas de Bolivia: Gu\u00eda Completa y Detallada<\/a><\/li>\n\t\t<li class=\"wsp-post\"><a href=\"https:\/\/casasenbolivia.com\/infogeneral\/desiertos-de-bolivia-todos-los-detalles-y-los-5-mas-importantes\/\">Desiertos de Bolivia: Todos los Detalles y los 5 M\u00e1s Importantes<\/a><\/li>\n\t\t<li class=\"wsp-post\"><a href=\"https:\/\/casasenbolivia.com\/infogeneral\/los-7-lugares-mas-calientes-de-bolivia-lista-completa-y-detallada\/\">Los 7 Lugares M\u00e1s Calientes de Bolivia, Lista Completa y Detallada<\/a><\/li>\n\t\t<li class=\"wsp-post\"><a href=\"https:\/\/casasenbolivia.com\/infogeneral\/los-7-lugares-mas-frios-de-bolivia-lista-completa-y-detallada\/\">Los 7 Lugares M\u00e1s Fr\u00edos de Bolivia: Lista Completa y Detallada<\/a><\/li>\n\t\t<li class=\"wsp-post\"><a href=\"https:\/\/casasenbolivia.com\/infogeneral\/como-son-las-precipitaciones-en-bolivia-descripcion-completa\/\">\u00bfC\u00f3mo Son las Precipitaciones en Bolivia? Descripci\u00f3n Completa<\/a><\/li>\n\t\t<li class=\"wsp-post\"><a href=\"https:\/\/casasenbolivia.com\/infogeneral\/la-epoca-mas-calurosa-del-ano-en-bolivia-guia-por-meses-y-regiones\/\">La \u00c9poca M\u00e1s Calurosa del A\u00f1o en Bolivia, Gu\u00eda por Meses y Regiones<\/a><\/li>\n\t\t<li class=\"wsp-post\"><a href=\"https:\/\/casasenbolivia.com\/infogeneral\/como-es-el-clima-de-bolivia-todos-los-detalles-numeros-y-hechos\/\">\u00bfC\u00f3mo es el Clima de Bolivia? Todos los Detalles, N\u00fameros y Hechos<\/a><\/li>\n\t\t<li class=\"wsp-post\"><a href=\"https:\/\/casasenbolivia.com\/infogeneral\/es-bolivia-un-pais-tropical-cada-region-tropical-detallada\/\">\u00bfEs Bolivia un Pa\u00eds Tropical? Cada Regi\u00f3n Tropical Detallada<\/a><\/li>\n\t\t<li class=\"wsp-post\"><a href=\"https:\/\/casasenbolivia.com\/infogeneral\/el-tiempo-mas-frio-en-la-paz-bolivia-todos-los-detalles-a-saber\/\">El Tiempo M\u00e1s Fr\u00edo en La Paz Bolivia, Todos los Detalles a Saber<\/a><\/li>\n\t\t<li class=\"wsp-post\"><a href=\"https:\/\/casasenbolivia.com\/infogeneral\/cuantos-dias-nieva-en-la-paz-todos-los-detalles-a-saber\/\">\u00bfCu\u00e1ntos D\u00edas Nieva en La Paz? Todos los Detalles a Saber<\/a><\/li>\n\t\t<li class=\"wsp-post\"><a href=\"https:\/\/casasenbolivia.com\/infogeneral\/como-es-el-invierno-en-bolivia-todos-los-detalles-y-hechos-a-saber\/\">\u00bfC\u00f3mo es el Invierno en Bolivia? Todos los Detalles y Hechos a Saber<\/a><\/li>\n\t\t<li class=\"wsp-post\"><a href=\"https:\/\/casasenbolivia.com\/infogeneral\/cuando-hace-calor-en-bolivia-cada-detalle-y-temperatura\/\">\u00bfCu\u00e1ndo Hace Calor en Bolivia? Cada Detalle y Temperatura<\/a><\/li>\n\t\t<li class=\"wsp-post\"><a href=\"https:\/\/casasenbolivia.com\/infogeneral\/nieva-en-bolivia-todos-los-eventos-numeros-y-detalles\/\">\u00bfNieva en Bolivia? Todos los Eventos, N\u00fameros y Detalles<\/a><\/li>\n\t\t<li class=\"wsp-post\"><a href=\"https:\/\/casasenbolivia.com\/infogeneral\/las-ciudades-mas-frias-de-bolivia-todos-los-numeros-y-detalles\/\">Las Ciudades M\u00e1s Fr\u00edas de Bolivia, Todos los N\u00fameros y Detalles<\/a><\/li>\n\t\t<li class=\"wsp-post\"><a href=\"https:\/\/casasenbolivia.com\/infogeneral\/bolivia-es-fria-o-caliente-guia-completa-por-regiones-y-climas\/\">\u00bfBolivia es Fr\u00eda o Caliente? Gu\u00eda Completa por Regiones y Climas<\/a><\/li>\n<\/ul><\/li>\n\t<li><strong class=\"wsp-category-title\">Category: <a href=\"https:\/\/casasenbolivia.com\/infogeneral\/category\/estudiando\/\">Estudiando<\/a><\/strong>\n<ul class=\"wsp-posts-list\">\t\t<li class=\"wsp-post\"><a href=\"https:\/\/casasenbolivia.com\/infogeneral\/cuanto-cuesta-la-universidad-en-bolivia-todos-los-detalles-y-numeros\/\">\u00bfCu\u00e1nto Cuesta la Universidad en Bolivia? Todos los Detalles y N\u00fameros<\/a><\/li>\n\t\t<li class=\"wsp-post\"><a href=\"https:\/\/casasenbolivia.com\/infogeneral\/es-la-universidad-gratis-en-bolivia-todos-los-detalles-y-cifras\/\">\u00bfEs la Universidad Gratis en Bolivia? Todos los Detalles y Cifras<\/a><\/li>\n<\/ul><\/li>\n\t<li><strong class=\"wsp-category-title\">Category: <a href=\"https:\/\/casasenbolivia.com\/infogeneral\/category\/informacion-general-de-bolivia\/\">Informaci\u00f3n General de Bolivia<\/a><\/strong>\n<ul class=\"wsp-posts-list\">\t\t<li class=\"wsp-post\"><a href=\"https:\/\/casasenbolivia.com\/infogeneral\/son-bajos-los-bolivianos-cada-estatura-por-grupos-etnicos\/\">\u00bfSon Bajos los Bolivianos? Cada Estatura por Grupos \u00c9tnicos<\/a><\/li>\n\t\t<li class=\"wsp-post\"><a href=\"https:\/\/casasenbolivia.com\/infogeneral\/los-7-periodicos-mas-populares-de-bolivia-todos-los-detalles\/\">Los 7 Peri\u00f3dicos M\u00e1s Populares de Bolivia, Todos los Detalles<\/a><\/li>\n\t\t<li class=\"wsp-post\"><a href=\"https:\/\/casasenbolivia.com\/infogeneral\/como-es-la-moneda-boliviana-cada-detalle-a-saber\/\">\u00bfC\u00f3mo es la Moneda Boliviana? Cada Detalle a Saber<\/a><\/li>\n\t\t<li class=\"wsp-post\"><a href=\"https:\/\/casasenbolivia.com\/infogeneral\/cuanto-cuesta-la-ropa-en-bolivia-todos-los-detalles-y-numeros\/\">\u00bfCu\u00e1nto Cuesta la Ropa en Bolivia? Todos los Detalles y N\u00fameros<\/a><\/li>\n<\/ul><\/li>\n\t<li><strong class=\"wsp-category-title\">Category: <a href=\"https:\/\/casasenbolivia.com\/infogeneral\/category\/trabajando-e-invirtiendo\/\">Trabajando e Invirtiendo<\/a><\/strong>\n<ul class=\"wsp-posts-list\">\t\t<li class=\"wsp-post\"><a href=\"https:\/\/casasenbolivia.com\/infogeneral\/es-bolivia-un-paraiso-fiscal-un-analisis-impositivo-completo\/\">\u00bfEs Bolivia un Para\u00edso Fiscal? Un An\u00e1lisis Impositivo Completo<\/a><\/li>\n\t\t<li class=\"wsp-post\"><a href=\"https:\/\/casasenbolivia.com\/infogeneral\/puedo-iniciar-un-negocio-en-bolivia-siendo-extranjero-todos-los-detalles\/\">\u00bfPuedo Iniciar un Negocio en Bolivia Siendo Extranjero? Todos los Detalles<\/a><\/li>\n\t\t<li class=\"wsp-post\"><a href=\"https:\/\/casasenbolivia.com\/infogeneral\/la-bolsa-de-valores-boliviana-cada-detalle-y-hecho-a-saber\/\">La Bolsa de Valores Boliviana: Cada Detalle y Hecho a Saber<\/a><\/li>\n\t\t<li class=\"wsp-post\"><a href=\"https:\/\/casasenbolivia.com\/infogeneral\/las-20-empresas-mas-grandes-de-bolivia-cada-numero-y-detalle\/\">Las 20 empresas M\u00e1s Grandes de Bolivia, Cada N\u00famero y Detalle<\/a><\/li>\n\t\t<li class=\"wsp-post\"><a href=\"https:\/\/casasenbolivia.com\/infogeneral\/las-horas-y-dias-de-trabajo-en-bolivia-cada-horario-y-detalle-a-saber\/\">Las Horas y D\u00edas de trabajo en Bolivia, Cada Horario y Detalle a Saber<\/a><\/li>\n\t\t<li class=\"wsp-post\"><a href=\"https:\/\/casasenbolivia.com\/infogeneral\/horario-de-atencion-de-bancos-en-bolivia-cada-detalle-a-saber\/\">Horario de Atenci\u00f3n de Bancos en Bolivia, Cada Detalle a Saber<\/a><\/li>\n\t\t<li class=\"wsp-post\"><a href=\"https:\/\/casasenbolivia.com\/infogeneral\/los-bancos-mas-grandes-de-bolivia-lista-completa-y-cifras\/\">Los Bancos M\u00e1s Grandes de Bolivia: Lista Completa y Cifras<\/a><\/li>\n\t\t<li class=\"wsp-post\"><a href=\"https:\/\/casasenbolivia.com\/infogeneral\/los-organismos-reguladores-de-los-bancos-en-bolivia-guia-completa\/\">Los Organismos Reguladores de los Bancos en Bolivia, Gu\u00eda Completa<\/a><\/li>\n\t\t<li class=\"wsp-post\"><a href=\"https:\/\/casasenbolivia.com\/infogeneral\/los-bancos-internacionales-que-operan-en-bolivia-lista-completa\/\">Los Bancos Internacionales que Operan en Bolivia, Lista Completa<\/a><\/li>\n\t\t<li class=\"wsp-post\"><a href=\"https:\/\/casasenbolivia.com\/infogeneral\/como-abrir-una-cuenta-bancaria-en-bolivia-siendo-extranjero-guia-detallada\/\">\u00bfC\u00f3mo Abrir una Cuenta Bancaria en Bolivia Siendo Extranjero? Gu\u00eda Detallada<\/a><\/li>\n\t\t<li class=\"wsp-post\"><a href=\"https:\/\/casasenbolivia.com\/infogeneral\/como-funciona-western-union-en-bolivia-todos-los-detalles-a-saber\/\">\u00bfC\u00f3mo Funciona Western Union en Bolivia? Todos los Detalles a Saber<\/a><\/li>\n\t\t<li class=\"wsp-post\"><a href=\"https:\/\/casasenbolivia.com\/infogeneral\/bancos-en-bolivia-lista-completa-servicios-y-todos-los-detalles\/\">Bancos en Bolivia: Lista completa, Servicios, y Todos los Detalles<\/a><\/li>\n\t\t<li class=\"wsp-post\"><a href=\"https:\/\/casasenbolivia.com\/infogeneral\/como-recibir-pagos-por-internet-en-bolivia-guia-detallada\/\">\u00bfC\u00f3mo Recibir Pagos por Internet en Bolivia? Gu\u00eda Detallada<\/a><\/li>\n\t\t<li class=\"wsp-post\"><a href=\"https:\/\/casasenbolivia.com\/infogeneral\/funciona-paypal-en-bolivia-todos-los-detalles-para-comprar-y-vender\/\">\u00bfFunciona PayPal en Bolivia? Todos los Detalles para Comprar y Vender<\/a><\/li>\n<\/ul><\/li>\n\t<li><strong class=\"wsp-category-title\">Category: <a href=\"https:\/\/casasenbolivia.com\/infogeneral\/category\/viajando-y-lugares-turisticos\/\">Viajando y Lugares Tur\u00edsticos<\/a><\/strong>\n<ul class=\"wsp-posts-list\">\t\t<li class=\"wsp-post\"><a href=\"https:\/\/casasenbolivia.com\/infogeneral\/americanos-y-la-visa-para-entrar-a-bolivia-detalles-pasos-y-requisitos\/\">Americanos y la Visa para Entrar a Bolivia: Detalles, Pasos y Requisitos<\/a><\/li>\n\t\t<li class=\"wsp-post\"><a href=\"https:\/\/casasenbolivia.com\/infogeneral\/necesito-visa-para-entrar-a-bolivia-listas-de-paises-y-detalles\/\">\u00bfNecesito Visa Para Entrar a Bolivia? Listas de Paises y Detalles<\/a><\/li>\n\t\t<li class=\"wsp-post\"><a href=\"https:\/\/casasenbolivia.com\/infogeneral\/paises-libres-de-visa-para-el-pasaporte-boliviano-guia-completa\/\">Pa\u00edses Libres de Visa Para el Pasaporte Boliviano, Guia Completa<\/a><\/li>\n\t\t<li class=\"wsp-post\"><a href=\"https:\/\/casasenbolivia.com\/infogeneral\/las-flotas-mas-seguras-de-bolivia-todos-los-datos-y-precauciones\/\">Las Flotas M\u00e1s Seguras de Bolivia, Todos los Datos y Precauciones<\/a><\/li>\n\t\t<li class=\"wsp-post\"><a href=\"https:\/\/casasenbolivia.com\/infogeneral\/cuanto-cuesta-el-transporte-en-bolivia-todo-lo-que-debes-saber\/\">\u00bfCu\u00e1nto Cuesta el Transporte en Bolivia? Todo lo que Debes Saber<\/a><\/li>\n\t\t<li class=\"wsp-post\"><a href=\"https:\/\/casasenbolivia.com\/infogeneral\/cuanto-cuesta-el-hospedaje-en-bolivia-guia-completa-y-cifras\/\">\u00bfCu\u00e1nto Cuesta el Hospedaje en Bolivia? Gu\u00eda Completa y Cifras<\/a><\/li>\n\t\t<li class=\"wsp-post\"><a href=\"https:\/\/casasenbolivia.com\/infogeneral\/las-mejores-flotas-de-bolivia-revision-completa-y-detallada\/\">Las Mejores Flotas de Bolivia, Revisi\u00f3n Completa y Detallada<\/a><\/li>\n\t\t<li class=\"wsp-post\"><a href=\"https:\/\/casasenbolivia.com\/infogeneral\/que-tan-segura-es-la-ciudad-de-la-paz-todos-los-hechos-y-precauciones-a-tomar\/\">\u00bfQu\u00e9 Tan Segura es la Ciudad de La Paz? Todos los Hechos y Precauciones a Tomar<\/a><\/li>\n<\/ul><\/li>\n\t<li><strong class=\"wsp-category-title\">Category: <a href=\"https:\/\/casasenbolivia.com\/infogeneral\/category\/viviendo-y-estableciendose\/\">Viviendo y Estableciendose<\/a><\/strong>\n<ul class=\"wsp-posts-list\">\t\t<li class=\"wsp-post\"><a href=\"https:\/\/casasenbolivia.com\/infogeneral\/la-ciudad-mas-peligrosa-de-bolivia-cada-detalle-y-precauciones\/\">La Ciudad M\u00e1s Peligrosa de Bolivia, Cada Detalle y Precauciones<\/a><\/li>\n\t\t<li class=\"wsp-post\"><a href=\"https:\/\/casasenbolivia.com\/infogeneral\/los-mejores-barrios-de-bolivia-recorrido-completo-y-cada-detalle\/\">Los Mejores Barrios de Bolivia, Recorrido Completo y Cada Detalle<\/a><\/li>\n\t\t<li class=\"wsp-post\"><a href=\"https:\/\/casasenbolivia.com\/infogeneral\/donde-viven-los-extranjeros-en-bolivia-todos-los-detalles\/\">\u00bfD\u00f3nde Viven los Extranjeros en Bolivia? Todos los Detalles<\/a><\/li>\n\t\t<li class=\"wsp-post\"><a href=\"https:\/\/casasenbolivia.com\/infogeneral\/cuanto-cuesta-el-galon-de-leche-en-bolivia-guia-completa\/\">\u00bfCu\u00e1nto Cuesta el Gal\u00f3n de Leche en Bolivia? Gu\u00eda Completa<\/a><\/li>\n\t\t<li class=\"wsp-post\"><a href=\"https:\/\/casasenbolivia.com\/infogeneral\/la-mejor-moneda-para-usar-en-bolivia-todos-los-detalles-y-precauciones\/\">La Mejor Moneda para Usar en Bolivia, Todos los Detalles y Precauciones<\/a><\/li>\n\t\t<li class=\"wsp-post\"><a href=\"https:\/\/casasenbolivia.com\/infogeneral\/funcionara-mi-celular-en-bolivia-todos-los-detalles-pasos-y-requisitos\/\">\u00bfFuncionar\u00e1 Mi Celular en Bolivia? Todos los Detalles, Pasos y Requisitos<\/a><\/li>\n\t\t<li class=\"wsp-post\"><a href=\"https:\/\/casasenbolivia.com\/infogeneral\/las-3-companias-de-celulares-de-bolivia-cada-detalle-y-hecho-a-saber\/\">Las 3 Compa\u00f1\u00edas de Celulares de Bolivia, Cada Detalle y Hecho a Saber<\/a><\/li>\n\t\t<li class=\"wsp-post\"><a href=\"https:\/\/casasenbolivia.com\/infogeneral\/costo-de-vida-en-bolivia-vs-usa-todos-los-numeros-y-detalles\/\">Costo de Vida en Bolivia vs USA, Todos los N\u00fameros y Detalles<\/a><\/li>\n\t\t<li class=\"wsp-post\"><a href=\"https:\/\/casasenbolivia.com\/infogeneral\/las-empresas-de-autos-mas-importantes-en-bolivia-cada-detalle-a-saber\/\">Las Empresas de Autos M\u00e1s Importantes en Bolivia, Cada Detalle a Saber<\/a><\/li>\n\t\t<li class=\"wsp-post\"><a href=\"https:\/\/casasenbolivia.com\/infogeneral\/cuanto-cuesta-un-auto-en-bolivia-todos-los-detalles-y-numeros\/\">\u00bfCu\u00e1nto Cuesta un Auto en Bolivia? Todos los Detalles y N\u00fameros<\/a><\/li>\n\t\t<li class=\"wsp-post\"><a href=\"https:\/\/casasenbolivia.com\/infogeneral\/como-rentar-un-auto-en-bolivia-todos-los-pasos-requisitos-y-costos\/\">\u00bfC\u00f3mo Rentar un Auto en Bolivia? Todos los Pasos, Requisitos y Costos<\/a><\/li>\n\t\t<li class=\"wsp-post\"><a href=\"https:\/\/casasenbolivia.com\/infogeneral\/las-marcas-de-autos-mas-vendidas-en-bolivia-guia-completa\/\">Las Marcas de Autos m\u00e1s Vendidas en Bolivia, Gu\u00eda Completa<\/a><\/li>\n\t\t<li class=\"wsp-post\"><a href=\"https:\/\/casasenbolivia.com\/infogeneral\/cuanto-cuesta-vivir-en-bolivia-todas-las-cifras-costos-y-detalles\/\">\u00bfCu\u00e1nto Cuesta Vivir en Bolivia? Todas las Cifras, Costos y Detalles<\/a><\/li>\n\t\t<li class=\"wsp-post\"><a href=\"https:\/\/casasenbolivia.com\/infogeneral\/las-mejores-ciudades-para-vivir-en-bolivia-para-diferentes-propositos\/\">Las Mejores Ciudades Para Vivir en Bolivia, Para Diferentes Prop\u00f3sitos<\/a><\/li>\n\t\t<li class=\"wsp-post\"><a href=\"https:\/\/casasenbolivia.com\/infogeneral\/las-ciudades-mas-baratas-de-bolivia-todos-los-detalles-y-cifras\/\">Las Ciudades M\u00e1s Baratas de Bolivia, Todos los Detalles y Cifras<\/a><\/li>\n\t\t<li class=\"wsp-post\"><a href=\"https:\/\/casasenbolivia.com\/infogeneral\/cuanto-cuesta-la-comida-en-bolivia-guia-detallada-y-precios\/\">\u00bfCu\u00e1nto Cuesta la Comida en Bolivia? Gu\u00eda Detallada y Precios<\/a><\/li>\n\t\t<li class=\"wsp-post\"><a href=\"https:\/\/casasenbolivia.com\/infogeneral\/como-vivir-en-bolivia-siendo-extranjero-guia-completa-y-detallada\/\">\u00bfC\u00f3mo Vivir en Bolivia Siendo Extranjero? Gu\u00eda Completa y Detallada<\/a><\/li>\n<\/ul><\/li>\n<\/ul>\n<\/div>\n\n\n\n<p><\/p>\n","protected":false},"excerpt":{"rendered":"<p><span class=\"span-reading-time rt-reading-time\" style=\"display: block;\"><span class=\"rt-label rt-prefix\">Tiempo de lectura: <\/span> <span class=\"rt-time\"> &lt; 1<\/span> <span class=\"rt-label rt-postfix\">minuto<\/span><\/span><\/p>\n","protected":false},"author":1,"featured_media":0,"parent":0,"menu_order":0,"comment_status":"closed","ping_status":"closed","template":"","meta":{"_seopress_robots_primary_cat":"","_seopress_titles_title":"","_seopress_titles_desc":"","_seopress_robots_index":"","_lmt_disableupdate":"","_lmt_disable":"","ocean_post_layout":"","ocean_both_sidebars_style":"","ocean_both_sidebars_content_width":0,"ocean_both_sidebars_sidebars_width":0,"ocean_sidebar":"0","ocean_second_sidebar":"0","ocean_disable_margins":"enable","ocean_add_body_class":"","ocean_shortcode_before_top_bar":"","ocean_shortcode_after_top_bar":"","ocean_shortcode_before_header":"","ocean_shortcode_after_header":"","ocean_has_shortcode":"","ocean_shortcode_after_title":"","ocean_shortcode_before_footer_widgets":"","ocean_shortcode_after_footer_widgets":"","ocean_shortcode_before_footer_bottom":"","ocean_shortcode_after_footer_bottom":"","ocean_display_top_bar":"default","ocean_display_header":"default","ocean_header_style":"","ocean_center_header_left_menu":"0","ocean_custom_header_template":"0","ocean_custom_logo":0,"ocean_custom_retina_logo":0,"ocean_custom_logo_max_width":0,"ocean_custom_logo_tablet_max_width":0,"ocean_custom_logo_mobile_max_width":0,"ocean_custom_logo_max_height":0,"ocean_custom_logo_tablet_max_height":0,"ocean_custom_logo_mobile_max_height":0,"ocean_header_custom_menu":"0","ocean_menu_typo_font_family":"0","ocean_menu_typo_font_subset":"","ocean_menu_typo_font_size":0,"ocean_menu_typo_font_size_tablet":0,"ocean_menu_typo_font_size_mobile":0,"ocean_menu_typo_font_size_unit":"px","ocean_menu_typo_font_weight":"","ocean_menu_typo_font_weight_tablet":"","ocean_menu_typo_font_weight_mobile":"","ocean_menu_typo_transform":"","ocean_menu_typo_transform_tablet":"","ocean_menu_typo_transform_mobile":"","ocean_menu_typo_line_height":0,"ocean_menu_typo_line_height_tablet":0,"ocean_menu_typo_line_height_mobile":0,"ocean_menu_typo_line_height_unit":"","ocean_menu_typo_spacing":0,"ocean_menu_typo_spacing_tablet":0,"ocean_menu_typo_spacing_mobile":0,"ocean_menu_typo_spacing_unit":"","ocean_menu_link_color":"","ocean_menu_link_color_hover":"","ocean_menu_link_color_active":"","ocean_menu_link_background":"","ocean_menu_link_hover_background":"","ocean_menu_link_active_background":"","ocean_menu_social_links_bg":"","ocean_menu_social_hover_links_bg":"","ocean_menu_social_links_color":"","ocean_menu_social_hover_links_color":"","ocean_disable_title":"default","ocean_disable_heading":"default","ocean_post_title":"","ocean_post_subheading":"","ocean_post_title_style":"","ocean_post_title_background_color":"","ocean_post_title_background":0,"ocean_post_title_bg_image_position":"","ocean_post_title_bg_image_attachment":"","ocean_post_title_bg_image_repeat":"","ocean_post_title_bg_image_size":"","ocean_post_title_height":0,"ocean_post_title_bg_overlay":0.5,"ocean_post_title_bg_overlay_color":"","ocean_disable_breadcrumbs":"default","ocean_breadcrumbs_color":"","ocean_breadcrumbs_separator_color":"","ocean_breadcrumbs_links_color":"","ocean_breadcrumbs_links_hover_color":"","ocean_display_footer_widgets":"default","ocean_display_footer_bottom":"default","ocean_custom_footer_template":"0","footnotes":""},"class_list":["post-20","page","type-page","status-publish","hentry","entry"],"_links":{"self":[{"href":"https:\/\/casasenbolivia.com\/infogeneral\/wp-json\/wp\/v2\/pages\/20","targetHints":{"allow":["GET"]}}],"collection":[{"href":"https:\/\/casasenbolivia.com\/infogeneral\/wp-json\/wp\/v2\/pages"}],"about":[{"href":"https:\/\/casasenbolivia.com\/infogeneral\/wp-json\/wp\/v2\/types\/page"}],"author":[{"embeddable":true,"href":"https:\/\/casasenbolivia.com\/infogeneral\/wp-json\/wp\/v2\/users\/1"}],"replies":[{"embeddable":true,"href":"https:\/\/casasenbolivia.com\/infogeneral\/wp-json\/wp\/v2\/comments?post=20"}],"version-history":[{"count":4,"href":"https:\/\/casasenbolivia.com\/infogeneral\/wp-json\/wp\/v2\/pages\/20\/revisions"}],"predecessor-version":[{"id":1128,"href":"https:\/\/casasenbolivia.com\/infogeneral\/wp-json\/wp\/v2\/pages\/20\/revisions\/1128"}],"wp:attachment":[{"href":"https:\/\/casasenbolivia.com\/infogeneral\/wp-json\/wp\/v2\/media?parent=20"}],"curies":[{"name":"wp","href":"https:\/\/api.w.org\/{rel}","templated":true}]}}